{"id":26371,"date":"2026-04-24T18:39:06","date_gmt":"2026-04-24T16:39:06","guid":{"rendered":"https:\/\/kanyufengshuiacademy.com\/?post_type=product&#038;p=26371"},"modified":"2026-04-29T21:34:24","modified_gmt":"2026-04-29T19:34:24","slug":"corso-base-di-feng-shui","status":"publish","type":"product","link":"https:\/\/kanyufengshuiacademy.com\/en\/product\/corso-base-di-feng-shui\/","title":{"rendered":"Corso Base di Feng Shui"},"content":{"rendered":"<div class=\"wpb-content-wrapper\"><p>Il Feng Shui si basa sulla connessione con la tua parte animale: ti insegna a percepire le reazioni istintive del tuo corpo.<\/p>\n<p>Portare consapevolezza verso i cinque sensi, ti permette di leggere l\u2019ambiente attraverso le informazioni sottili che di solito non affiorano alla nostra coscienza.<\/p>\n<p>Leggere l\u2019ambiente \u00e8 il primo passo per creare spazi personalizzati, plasmati secondo le esigenze di ogni singolo individuo.<\/p>\n<p>Con il Corso Base Feng Shui imparerai a creare spazi non solo belli, ma unici.<\/p>\n<p>&nbsp;<\/p>\n<div class=\"wpb_text_column wpb_content_element\">\n<div class=\"wpb_wrapper\">\n<h3>Come funziona il Feng Shui?<\/h3>\n<\/div>\n<\/div>\n<div class=\"wpb_text_column wpb_content_element\">\n<div class=\"wpb_wrapper\">\n<p>Il Feng Shui studia l\u2019ambiente attraverso i sensi.<\/p>\n<p>Il Feng Shui vede l\u2019ambiente: le forme, i colori, gli spazi pieni e vuoti, la luce e l\u2019ombra, diventano un quadro in cui la casa \u00e8 inserita, con movimenti e dinamiche che spesso passano inosservate.<\/p>\n<p>Il Feng Shui sente l\u2019ambiente attraverso i suoni: suoni della natura, rumori della strada, melodie cadenzate nell\u2019ambiente circostante\u2026 pensa alle campane delle chiese, per esempio.<\/p>\n<p>Il Feng Shui annusa l\u2019ambiente. Sembra strano, ma s\u00ec! \u00c8 importante sentire anche gli odori, un conto \u00e8 sentire il profumo di un bosco o di un giardino, ben altra cosa \u00e8 sentire l\u2019odore degli scarichi delle macchine o di un allevamento intensivo, non credi?<\/p>\n<p>Il Feng Shui tocca l\u2019ambiente. Una stanza pu\u00f2 darci la sensazione di accoglienza grazie alle rifiniture. Pensa a quanto \u00e8 accogliente la sensazione dei piedi nudi sul parquet in legno, e invece quanto pu\u00f2 essere freddo un marmo. Ovviamente il marmo \u00e8 perfetto per altri contesti!<\/p>\n<p>Il Feng Shui decodifica tutte queste informazioni per ricreare un ambiente adatto alle tue esigenze.<\/p>\n<p>Con il Feng Shui puoi migliorare il tuo ambiente lavorativo per raggiungere i tuoi obiettivi pi\u00f9 velocemente e con meno stress, oppure puoi migliorare le tue relazioni familiari e di coppia lavorando sulla tua abitazione.<\/p>\n<\/div>\n<div class=\"mkdf-row-grid-section-wrapper \">\n<div class=\"mkdf-row-grid-section\">\n<div class=\"vc_row wpb_row vc_row-fluid vc_custom_1649058486590\">\n<div class=\"wpb_column vc_column_container vc_col-sm-12\">\n<div class=\"vc_column-inner\">\n<div class=\"wpb_wrapper\">\n<div class=\"wpb_text_column wpb_content_element\">\n<div class=\"wpb_wrapper\">\n<h3>Anche tu sai fare Feng Shui\u2026 solo che ancora non lo sai.<\/h3>\n<p>Fare Feng Shui significa ascoltare i tuoi istinti.<\/p>\n<p>Sei un essere umano, ma nello specifico sei un mammifero diurno; la luce del sole \u00e8 fondamentale per il nostro organismo e naturalmente preferiamo vivere in una casa luminosa.<\/p>\n<p>Ora, questo \u00e8 un esempio un po\u2019 estremo, ma pensa di poter leggere tutte le sfumature degli ambienti che ti circondano, come se avessi un manuale delle istruzioni.<\/p>\n<p>Immagina di poter capire in brevissimo tempo se una casa aiuta la relazione di coppia o la ostacola; se la casa agevola lo sviluppo del tuo lavoro, oppure ti rema contro!<\/p>\n<p>Sembrano super poteri, invece imparerai semplicemente a decodificare le informazioni ambientali che interagiscono con la tua parte istintiva (non razionale) e il gioco \u00e8 fatto!<\/p>\n<\/div>\n<\/div>\n<div class=\"vc_empty_space\"><\/div>\n<div class=\"wpb_text_column wpb_content_element\">\n<div class=\"wpb_wrapper\">\n<h3>Ogni ambiente \u00e8 diverso, esattamente come ogni persona \u00e8 diversa.<\/h3>\n<p>Il Corso Base di Feng Shui \u00e8 strutturato per principi e priorit\u00e0: imparerai a leggere ogni ambiente con tutte le sue peculiarit\u00e0.<\/p>\n<p>Proprio per questo con il Corso Base di Feng Shui NON imparerai ricettine e regole\u00a0preconfezionate che puoi applicare in ogni casa, anche perch\u00e9 non esistono!<\/p>\n<p>Inizierai ad analizzare ogni ambiente con gli occhi di un maestro di Feng Shui; imparerai ad identificare le dinamiche psichiche collegate alla tua abitazione e a correggere gli errori pi\u00f9 importanti.<\/p>\n<\/div>\n<\/div>\n<\/div>\n<\/div>\n<\/div>\n<\/div>\n<\/div>\n<\/div>\n<div class=\"mkdf-row-grid-section-wrapper \">\n<div class=\"mkdf-row-grid-section\">\n<div class=\"vc_row wpb_row vc_row-fluid vc_custom_1644936484518\">\n<div class=\"wpb_column vc_column_container vc_col-sm-12 vc_col-lg-12 vc_col-md-12\">\n<div class=\"vc_column-inner\">\n<div class=\"wpb_wrapper\">\n<div class=\"vc-zigzag-inner\">\n<h3><strong>Puoi anche decidere di fare del Feng Shui la tua professione.<\/strong><\/h3>\n<p>Il Corso Base di Feng Shui, infatti, \u00e8 il primo passo del Feng Shui Study Program, il percorso di formazione che ti porter\u00e0 ad essere un esperto.<br \/>\nIn pi\u00f9 di 25 anni, abbiamo formato centinaia di consulenti professionisti che hanno fatto di questa disciplina la loro professione!<\/p>\n<\/div>\n<div class=\"wpb_text_column wpb_content_element\">\n<div class=\"wpb_wrapper\">\n<h3><strong>Ecco il programma sintetico del Corso Base di Feng Shui:<\/strong><\/h3>\n<\/div>\n<\/div>\n<div class=\"vc_empty_space\"><\/div>\n<div class=\"vc_row wpb_row vc_inner vc_row-fluid vc_column-gap-20\">\n<div class=\"wpb_column vc_column_container vc_col-sm-4 vc_col-has-fill\">\n<div class=\"vc_column-inner vc_custom_1649061577928\">\n<div class=\"wpb_wrapper\">\n<div class=\"mkdf-numbered-title-holder\">\n<h5 class=\"mkdf-nt-title\">1.LE BASI DEL FENG SHUI:<\/h5>\n<h5 class=\"mkdf-nt-title\"><span style=\"color: #868686; font-size: 15px;\">&#8211; che cosa \u00e8 il Feng Shui e cosa non \u00e8<br \/>\n&#8211; L<\/span><span style=\"color: #868686; font-size: 15px;\">a polarit\u00e0 interno\/esterno<br \/>\n<\/span><span style=\"color: #868686; font-size: 15px;\">&#8211; Il significato del Feng Shui<br \/>\n<\/span><span style=\"color: #868686; font-size: 15px;\">&#8211; Come funziona il Feng Shui<br \/>\n<\/span><span style=\"color: #868686; font-size: 15px;\">&#8211; Gli archetipi Yin e Yang<br \/>\n<\/span><span style=\"color: #868686; font-size: 15px;\">&#8211; I 3 Qi dell\u2019energetica cinese<\/span><\/h5>\n<\/div>\n<\/div>\n<\/div>\n<\/div>\n<div class=\"wpb_column vc_column_container vc_col-sm-4 vc_col-has-fill\">\n<div class=\"vc_column-inner vc_custom_1649061610912\">\n<div class=\"wpb_wrapper\">\n<div class=\"mkdf-numbered-title-holder\">\n<h5 class=\"mkdf-nt-title\">2. LA SCUOLA DEGLI ANIMALI:<\/h5>\n<\/div>\n<div class=\"vc_empty_space\">&#8211; L\u2019orientamento dell\u2019edificio e le sue caratteristiche<br \/>\n&#8211; Attivit\u00e0 statiche e attivit\u00e0 dinamiche<br \/>\n&#8211; La reazione fight or flight<br \/>\n&#8211; Le postazioni negli interni: letto, scrivania e altro<br \/>\n&#8211; Le postazioni yin e yang<br \/>\n&#8211; Funzioni abitative yin e yang<br \/>\n&#8211; Fcolori e gli ambienti della casa<\/div>\n<\/div>\n<\/div>\n<\/div>\n<div class=\"wpb_column vc_column_container vc_col-sm-4 vc_col-has-fill\">\n<div class=\"vc_column-inner vc_custom_1649061599289\">\n<div class=\"wpb_wrapper\">\n<div class=\"mkdf-numbered-title-holder\">\n<h5 class=\"mkdf-nt-title\">3. LA SCUOLA DELLA FORMA:<\/h5>\n<\/div>\n<div class=\"vc_empty_space\">&#8211; Che cosa \u00e8 il Qi<br \/>\n&#8211; La camera da letto e la posizione del letto<br \/>\n&#8211; Lo studio e la posizione della scrivania<br \/>\n&#8211; Che cosa \u00e8 uno sha<br \/>\n&#8211; Tipologie di sha<br \/>\n&#8211; Disturbi geotellurici e disturbi elettromagnetici<br \/>\n&#8211; Esempi pratici<\/div>\n<\/div>\n<div>\n<div class=\"mkdf-eh-item \" data-item-class=\"mkdf-eh-custom-9580\" data-769-1024=\"50px 50px 50px 0\" data-681-768=\"50px 0 50px 0\" data-680=\"35px 0 43px 0\">\n<div class=\"mkdf-eh-item-inner\">\n<div class=\"mkdf-eh-item-content mkdf-eh-custom-9580\">\n<div class=\"wpb_text_column wpb_content_element\">\n<div class=\"wpb_wrapper\">\n<p><strong>Dopo l\u2019iscrizione, puoi iniziare subito il corso: entro 24h riceverai una email con le credenziali per accedere al corso e partire con la prima lezione!<\/strong><\/p>\n<p>Incluso con l\u2019iscrizione al Corso Base di Feng Shui, avrai accesso gratuito al gruppo Facebook riservato ai nostri studenti: potrai cos\u00ec confrontarti con centinaia di persone che hanno deciso di intraprendere questo viaggio alla scoperta del Feng Shui.<\/p>\n<\/div>\n<\/div>\n<\/div>\n<\/div>\n<\/div>\n<div class=\"mkdf-eh-item \" data-item-class=\"mkdf-eh-custom-9297\" data-1367-1600=\"43px 0 0 20px\" data-1025-1366=\"43px 0 0 20px\" data-769-1024=\"0 0 50px\" data-681-768=\"0 0 500px\" data-680=\"0 0 50px\">\n<div class=\"mkdf-eh-item-inner\">\n<div class=\"mkdf-eh-item-content mkdf-eh-custom-9297\">\n<div class=\"wpb_text_column wpb_content_element\">\n<div class=\"wpb_wrapper\">\n<p><strong>PREREQUISITI<\/strong>: il corso \u00e8 aperto a tutti<br \/>\n<strong>TIPOLOGIA<\/strong>: teorico pratico<br \/>\n<strong>MODALITA\u0300<\/strong>: video lezioni online<br \/>\n<strong>DURATA<\/strong>: 13 ore totali; disponibile per 2 mesi dal primo accesso \u2013 mentre frequenti il corso e dopo averlo completato puoi partecipare ai webinar interattivi con i docenti<br \/>\n<strong>PERCORSO<\/strong>: SCHOLAR e CONSULTANT<\/p>\n<\/div>\n<\/div>\n<\/div>\n<\/div>\n<\/div>\n<\/div>\n<\/div>\n<\/div>\n<\/div>\n<\/div>\n<\/div>\n<\/div>\n<\/div>\n<\/div>\n<\/div>\n<\/div>\n<\/div>","protected":false},"excerpt":{"rendered":"<p>Il Feng Shui si basa sulla connessione con la tua parte animale: ti insegna a percepire le reazioni istintive del tuo corpo.<\/p>\n<p>Portare consapevolezza verso i cinque sensi, ti permette di leggere l\u2019ambiente attraverso le informazioni sottili che di solito non affiorano alla nostra coscienza<\/p>\n","protected":false},"featured_media":26438,"comment_status":"open","ping_status":"closed","template":"","meta":[],"product_brand":[],"product_cat":[517,520],"product_tag":[],"class_list":{"0":"post-26371","1":"product","2":"type-product","3":"status-publish","4":"has-post-thumbnail","6":"product_cat-corsi","7":"product_cat-corsi-base","9":"first","10":"instock","11":"downloadable","12":"virtual","13":"taxable","14":"purchasable","15":"product-type-simple"},"yoast_head":"<!-- This site is optimized with the Yoast SEO plugin v27.4 - https:\/\/yoast.com\/product\/yoast-seo-wordpress\/ -->\n<title>Corso Base di Feng Shui - Kan Yu Feng Shui Academy | Feng Shui, Ba Zi, Yi Jing<\/title>\n<meta name=\"robots\" content=\"index, follow, max-snippet:-1, max-image-preview:large, max-video-preview:-1\" \/>\n<link rel=\"canonical\" href=\"https:\/\/kanyufengshuiacademy.com\/en\/product\/corso-base-di-feng-shui\/\" \/>\n<meta property=\"og:locale\" content=\"en_US\" \/>\n<meta property=\"og:type\" content=\"article\" \/>\n<meta property=\"og:title\" content=\"Corso Base di Feng Shui - Kan Yu Feng Shui Academy | Feng Shui, Ba Zi, Yi Jing\" \/>\n<meta property=\"og:description\" content=\"Il Feng Shui si basa sulla connessione con la tua parte animale: ti insegna a percepire le reazioni istintive del tuo corpo.  Portare consapevolezza verso i cinque sensi, ti permette di leggere l\u2019ambiente attraverso le informazioni sottili che di solito non affiorano alla nostra coscienza\" \/>\n<meta property=\"og:url\" content=\"https:\/\/kanyufengshuiacademy.com\/en\/product\/corso-base-di-feng-shui\/\" \/>\n<meta property=\"og:site_name\" content=\"Kan Yu Feng Shui Academy | Feng Shui, Ba Zi, Yi Jing\" \/>\n<meta property=\"article:publisher\" content=\"https:\/\/www.facebook.com\/KANYUFENGSHUIACADEMY\/\" \/>\n<meta property=\"article:modified_time\" content=\"2026-04-29T19:34:24+00:00\" \/>\n<meta property=\"og:image\" content=\"https:\/\/kanyufengshuiacademy.com\/wp-content\/uploads\/2026\/04\/1-corso-base-feng-shui.webp\" \/>\n\t<meta property=\"og:image:width\" content=\"1000\" \/>\n\t<meta property=\"og:image:height\" content=\"1000\" \/>\n\t<meta property=\"og:image:type\" content=\"image\/webp\" \/>\n<meta name=\"twitter:card\" content=\"summary_large_image\" \/>\n<meta name=\"twitter:label1\" content=\"Est. reading time\" \/>\n\t<meta name=\"twitter:data1\" content=\"4 minutes\" \/>\n<script type=\"application\/ld+json\" class=\"yoast-schema-graph\">{\"@context\":\"https:\\\/\\\/schema.org\",\"@graph\":[{\"@type\":\"WebPage\",\"@id\":\"https:\\\/\\\/kanyufengshuiacademy.com\\\/en\\\/product\\\/corso-base-di-feng-shui\\\/\",\"url\":\"https:\\\/\\\/kanyufengshuiacademy.com\\\/en\\\/product\\\/corso-base-di-feng-shui\\\/\",\"name\":\"Corso Base di Feng Shui - Kan Yu Feng Shui Academy | Feng Shui, Ba Zi, Yi Jing\",\"isPartOf\":{\"@id\":\"https:\\\/\\\/kanyufengshuiacademy.com\\\/en\\\/#website\"},\"primaryImageOfPage\":{\"@id\":\"https:\\\/\\\/kanyufengshuiacademy.com\\\/en\\\/product\\\/corso-base-di-feng-shui\\\/#primaryimage\"},\"image\":{\"@id\":\"https:\\\/\\\/kanyufengshuiacademy.com\\\/en\\\/product\\\/corso-base-di-feng-shui\\\/#primaryimage\"},\"thumbnailUrl\":\"https:\\\/\\\/kanyufengshuiacademy.com\\\/wp-content\\\/uploads\\\/2026\\\/04\\\/1-corso-base-feng-shui.webp\",\"datePublished\":\"2026-04-24T16:39:06+00:00\",\"dateModified\":\"2026-04-29T19:34:24+00:00\",\"breadcrumb\":{\"@id\":\"https:\\\/\\\/kanyufengshuiacademy.com\\\/en\\\/product\\\/corso-base-di-feng-shui\\\/#breadcrumb\"},\"inLanguage\":\"en-US\",\"potentialAction\":[{\"@type\":\"ReadAction\",\"target\":[\"https:\\\/\\\/kanyufengshuiacademy.com\\\/en\\\/product\\\/corso-base-di-feng-shui\\\/\"]}]},{\"@type\":\"ImageObject\",\"inLanguage\":\"en-US\",\"@id\":\"https:\\\/\\\/kanyufengshuiacademy.com\\\/en\\\/product\\\/corso-base-di-feng-shui\\\/#primaryimage\",\"url\":\"https:\\\/\\\/kanyufengshuiacademy.com\\\/wp-content\\\/uploads\\\/2026\\\/04\\\/1-corso-base-feng-shui.webp\",\"contentUrl\":\"https:\\\/\\\/kanyufengshuiacademy.com\\\/wp-content\\\/uploads\\\/2026\\\/04\\\/1-corso-base-feng-shui.webp\",\"width\":1000,\"height\":1000},{\"@type\":\"BreadcrumbList\",\"@id\":\"https:\\\/\\\/kanyufengshuiacademy.com\\\/en\\\/product\\\/corso-base-di-feng-shui\\\/#breadcrumb\",\"itemListElement\":[{\"@type\":\"ListItem\",\"position\":1,\"name\":\"Home\",\"item\":\"https:\\\/\\\/kanyufengshuiacademy.com\\\/en\\\/?lang=en\"},{\"@type\":\"ListItem\",\"position\":2,\"name\":\"Prova negozio\",\"item\":\"https:\\\/\\\/kanyufengshuiacademy.com\\\/?page_id=26282\"},{\"@type\":\"ListItem\",\"position\":3,\"name\":\"Corso Base di Feng Shui\"}]},{\"@type\":\"WebSite\",\"@id\":\"https:\\\/\\\/kanyufengshuiacademy.com\\\/en\\\/#website\",\"url\":\"https:\\\/\\\/kanyufengshuiacademy.com\\\/en\\\/\",\"name\":\"Kan Yu Feng Shui Academy | Feng Shui, Ba Zi, Yi Jing\",\"description\":\"KYFSA iKan Yu Feng Shui Academy \u00e8 una scuola internazionale e un centro di ricerca sulle discipline tradizionali cinesi: Feng Shui, Ba Zi, Yi Jing\",\"publisher\":{\"@id\":\"https:\\\/\\\/kanyufengshuiacademy.com\\\/en\\\/#organization\"},\"alternateName\":\"KYFSA\",\"potentialAction\":[{\"@type\":\"SearchAction\",\"target\":{\"@type\":\"EntryPoint\",\"urlTemplate\":\"https:\\\/\\\/kanyufengshuiacademy.com\\\/en\\\/?s={search_term_string}\"},\"query-input\":{\"@type\":\"PropertyValueSpecification\",\"valueRequired\":true,\"valueName\":\"search_term_string\"}}],\"inLanguage\":\"en-US\"},{\"@type\":\"Organization\",\"@id\":\"https:\\\/\\\/kanyufengshuiacademy.com\\\/en\\\/#organization\",\"name\":\"Kan Yu Feng Shui Academy | Feng Shui & Ba Zi - International School and Research Center\",\"alternateName\":\"KYFSA\",\"url\":\"https:\\\/\\\/kanyufengshuiacademy.com\\\/en\\\/\",\"logo\":{\"@type\":\"ImageObject\",\"inLanguage\":\"en-US\",\"@id\":\"https:\\\/\\\/kanyufengshuiacademy.com\\\/en\\\/#\\\/schema\\\/logo\\\/image\\\/\",\"url\":\"https:\\\/\\\/kanyufengshuiacademy.com\\\/wp-content\\\/uploads\\\/2021\\\/11\\\/logo_kyfsa.png\",\"contentUrl\":\"https:\\\/\\\/kanyufengshuiacademy.com\\\/wp-content\\\/uploads\\\/2021\\\/11\\\/logo_kyfsa.png\",\"width\":518,\"height\":242,\"caption\":\"Kan Yu Feng Shui Academy | Feng Shui & Ba Zi - International School and Research Center\"},\"image\":{\"@id\":\"https:\\\/\\\/kanyufengshuiacademy.com\\\/en\\\/#\\\/schema\\\/logo\\\/image\\\/\"},\"sameAs\":[\"https:\\\/\\\/www.facebook.com\\\/KANYUFENGSHUIACADEMY\\\/\",\"https:\\\/\\\/www.instagram.com\\\/kanyufengshuiacademy\\\/\",\"https:\\\/\\\/www.youtube.com\\\/c\\\/CreativeFengShui\"]}]}<\/script>\n<!-- \/ Yoast SEO plugin. -->","yoast_head_json":{"title":"Corso Base di Feng Shui - Kan Yu Feng Shui Academy | Feng Shui, Ba Zi, Yi Jing","robots":{"index":"index","follow":"follow","max-snippet":"max-snippet:-1","max-image-preview":"max-image-preview:large","max-video-preview":"max-video-preview:-1"},"canonical":"https:\/\/kanyufengshuiacademy.com\/en\/product\/corso-base-di-feng-shui\/","og_locale":"en_US","og_type":"article","og_title":"Corso Base di Feng Shui - Kan Yu Feng Shui Academy | Feng Shui, Ba Zi, Yi Jing","og_description":"Il Feng Shui si basa sulla connessione con la tua parte animale: ti insegna a percepire le reazioni istintive del tuo corpo.  Portare consapevolezza verso i cinque sensi, ti permette di leggere l\u2019ambiente attraverso le informazioni sottili che di solito non affiorano alla nostra coscienza","og_url":"https:\/\/kanyufengshuiacademy.com\/en\/product\/corso-base-di-feng-shui\/","og_site_name":"Kan Yu Feng Shui Academy | Feng Shui, Ba Zi, Yi Jing","article_publisher":"https:\/\/www.facebook.com\/KANYUFENGSHUIACADEMY\/","article_modified_time":"2026-04-29T19:34:24+00:00","og_image":[{"width":1000,"height":1000,"url":"https:\/\/kanyufengshuiacademy.com\/wp-content\/uploads\/2026\/04\/1-corso-base-feng-shui.webp","type":"image\/webp"}],"twitter_card":"summary_large_image","twitter_misc":{"Est. reading time":"4 minutes"},"schema":{"@context":"https:\/\/schema.org","@graph":[{"@type":"WebPage","@id":"https:\/\/kanyufengshuiacademy.com\/en\/product\/corso-base-di-feng-shui\/","url":"https:\/\/kanyufengshuiacademy.com\/en\/product\/corso-base-di-feng-shui\/","name":"Corso Base di Feng Shui - Kan Yu Feng Shui Academy | Feng Shui, Ba Zi, Yi Jing","isPartOf":{"@id":"https:\/\/kanyufengshuiacademy.com\/en\/#website"},"primaryImageOfPage":{"@id":"https:\/\/kanyufengshuiacademy.com\/en\/product\/corso-base-di-feng-shui\/#primaryimage"},"image":{"@id":"https:\/\/kanyufengshuiacademy.com\/en\/product\/corso-base-di-feng-shui\/#primaryimage"},"thumbnailUrl":"https:\/\/kanyufengshuiacademy.com\/wp-content\/uploads\/2026\/04\/1-corso-base-feng-shui.webp","datePublished":"2026-04-24T16:39:06+00:00","dateModified":"2026-04-29T19:34:24+00:00","breadcrumb":{"@id":"https:\/\/kanyufengshuiacademy.com\/en\/product\/corso-base-di-feng-shui\/#breadcrumb"},"inLanguage":"en-US","potentialAction":[{"@type":"ReadAction","target":["https:\/\/kanyufengshuiacademy.com\/en\/product\/corso-base-di-feng-shui\/"]}]},{"@type":"ImageObject","inLanguage":"en-US","@id":"https:\/\/kanyufengshuiacademy.com\/en\/product\/corso-base-di-feng-shui\/#primaryimage","url":"https:\/\/kanyufengshuiacademy.com\/wp-content\/uploads\/2026\/04\/1-corso-base-feng-shui.webp","contentUrl":"https:\/\/kanyufengshuiacademy.com\/wp-content\/uploads\/2026\/04\/1-corso-base-feng-shui.webp","width":1000,"height":1000},{"@type":"BreadcrumbList","@id":"https:\/\/kanyufengshuiacademy.com\/en\/product\/corso-base-di-feng-shui\/#breadcrumb","itemListElement":[{"@type":"ListItem","position":1,"name":"Home","item":"https:\/\/kanyufengshuiacademy.com\/en\/?lang=en"},{"@type":"ListItem","position":2,"name":"Prova negozio","item":"https:\/\/kanyufengshuiacademy.com\/?page_id=26282"},{"@type":"ListItem","position":3,"name":"Corso Base di Feng Shui"}]},{"@type":"WebSite","@id":"https:\/\/kanyufengshuiacademy.com\/en\/#website","url":"https:\/\/kanyufengshuiacademy.com\/en\/","name":"Kan Yu Feng Shui Academy | Feng Shui, Ba Zi, Yi Jing","description":"KYFSA iKan Yu Feng Shui Academy \u00e8 una scuola internazionale e un centro di ricerca sulle discipline tradizionali cinesi: Feng Shui, Ba Zi, Yi Jing","publisher":{"@id":"https:\/\/kanyufengshuiacademy.com\/en\/#organization"},"alternateName":"KYFSA","potentialAction":[{"@type":"SearchAction","target":{"@type":"EntryPoint","urlTemplate":"https:\/\/kanyufengshuiacademy.com\/en\/?s={search_term_string}"},"query-input":{"@type":"PropertyValueSpecification","valueRequired":true,"valueName":"search_term_string"}}],"inLanguage":"en-US"},{"@type":"Organization","@id":"https:\/\/kanyufengshuiacademy.com\/en\/#organization","name":"Kan Yu Feng Shui Academy | Feng Shui & Ba Zi - International School and Research Center","alternateName":"KYFSA","url":"https:\/\/kanyufengshuiacademy.com\/en\/","logo":{"@type":"ImageObject","inLanguage":"en-US","@id":"https:\/\/kanyufengshuiacademy.com\/en\/#\/schema\/logo\/image\/","url":"https:\/\/kanyufengshuiacademy.com\/wp-content\/uploads\/2021\/11\/logo_kyfsa.png","contentUrl":"https:\/\/kanyufengshuiacademy.com\/wp-content\/uploads\/2021\/11\/logo_kyfsa.png","width":518,"height":242,"caption":"Kan Yu Feng Shui Academy | Feng Shui & Ba Zi - International School and Research Center"},"image":{"@id":"https:\/\/kanyufengshuiacademy.com\/en\/#\/schema\/logo\/image\/"},"sameAs":["https:\/\/www.facebook.com\/KANYUFENGSHUIACADEMY\/","https:\/\/www.instagram.com\/kanyufengshuiacademy\/","https:\/\/www.youtube.com\/c\/CreativeFengShui"]}]}},"_links":{"self":[{"href":"https:\/\/kanyufengshuiacademy.com\/en\/wp-json\/wp\/v2\/product\/26371","targetHints":{"allow":["GET"]}}],"collection":[{"href":"https:\/\/kanyufengshuiacademy.com\/en\/wp-json\/wp\/v2\/product"}],"about":[{"href":"https:\/\/kanyufengshuiacademy.com\/en\/wp-json\/wp\/v2\/types\/product"}],"replies":[{"embeddable":true,"href":"https:\/\/kanyufengshuiacademy.com\/en\/wp-json\/wp\/v2\/comments?post=26371"}],"wp:featuredmedia":[{"embeddable":true,"href":"https:\/\/kanyufengshuiacademy.com\/en\/wp-json\/wp\/v2\/media\/26438"}],"wp:attachment":[{"href":"https:\/\/kanyufengshuiacademy.com\/en\/wp-json\/wp\/v2\/media?parent=26371"}],"wp:term":[{"taxonomy":"product_brand","embeddable":true,"href":"https:\/\/kanyufengshuiacademy.com\/en\/wp-json\/wp\/v2\/product_brand?post=26371"},{"taxonomy":"product_cat","embeddable":true,"href":"https:\/\/kanyufengshuiacademy.com\/en\/wp-json\/wp\/v2\/product_cat?post=26371"},{"taxonomy":"product_tag","embeddable":true,"href":"https:\/\/kanyufengshuiacademy.com\/en\/wp-json\/wp\/v2\/product_tag?post=26371"}],"curies":[{"name":"wp","href":"https:\/\/api.w.org\/{rel}","templated":true}]}}