{"id":26362,"date":"2026-04-24T18:06:30","date_gmt":"2026-04-24T16:06:30","guid":{"rendered":"https:\/\/kanyufengshuiacademy.com\/?post_type=product&#038;p=26362"},"modified":"2026-04-29T12:06:43","modified_gmt":"2026-04-29T10:06:43","slug":"corso-base-di-astrologia-cinese-ba-zi-modulo-4","status":"publish","type":"product","link":"https:\/\/kanyufengshuiacademy.com\/en\/product\/corso-base-di-astrologia-cinese-ba-zi-modulo-4\/","title":{"rendered":"Corso Base di Astrologia Cinese (Ba Zi) &#8211; Modulo 4"},"content":{"rendered":"<p>Il <strong>Corso Base di Astrologia Cinese<\/strong> rappresenta il primo passo verso te stesso,<br \/>\nverso la consapevolezza delle tue dinamiche pi\u00f9 profonde.<br \/>\nMa c\u2019\u00e8 molto di pi\u00f9\u2026<br \/>\nil Ba Zi \u00e8 stato concepito dagli antichi maestri come uno strumento di evoluzione personale, per avere pi\u00f9 potere sulla tua vita e pi\u00f9 controllo sulle tue scelte.<br \/>\nE questo aumenta la tua libert\u00e0 e il livello di realizzazione personale.<\/p>\n<p><strong>L\u2019Astrologia Cinese (Ba Zi):<\/strong><br \/>\n&#8211; Permette di conoscere i tuoi talenti e gli ambiti di vita che ti offrono maggiori possibilit\u00e0 di successo e realizzazione;<br \/>\n&#8211; Ti aiuta a riconoscere gli aspetti pi\u00f9 importanti e condizionanti del carattere;<br \/>\n&#8211; Fornisce consigli utili a superare i tuoi limiti, e a sviluppare la tua consapevolezza;<br \/>\n&#8211; Ti permette di conoscere le tematiche principali con cui dovrai confrontarti nella vita (il Destino), offrendo consigli pratici per superare le difficolt\u00e0;<br \/>\n&#8211; Consente di andare a fondo nelle dinamiche (spesso ripetitive) che caratterizzano la vita di ognuno di noi;<br \/>\n&#8211; Insegna a riconoscere in anticipo le occasioni migliori e quelle invece da evitare;<br \/>\n&#8211; Offre la possibilit\u00e0 di mettere a fuoco le dinamiche famigliari o di coppia;<br \/>\n&#8211; Ti permette di comprendere il tuo progetto di vita e diventarne padrone.<\/p>\n<p>&nbsp;<\/p>\n<h5>MODULO 4 \u2013 Corso Base Astrologia Cinese<\/h5>\n<p>Altri Aspetti Astrologici, Come Leggere la Relazione di Coppia, Esempi Pratici<br \/>\n13 ore, 24 video lezioni disponibili per 2 mesi (se finisci il modulo in anticipo, puoi proseguire subito con il modulo successivo!)<\/p>\n<p>PROGRAMMA:<\/p>\n<p>Individuare i gradi di parentela e ambiti della vita<br \/>\nLa relazione con il partner e il matrimonio<br \/>\nCome analizzare il tuo tema natale<br \/>\nStagione di nascita, timing e tipologie di tema natale<br \/>\nTemi forti, deboli e bilanciati<br \/>\nTemi dominanti e temi di competizione<br \/>\nIntroduzione ai temi speciali<br \/>\nEsercizi e test<br \/>\nCalligrafia<br \/>\nMentre frequenti il modulo, e anche dopo, hai accesso illimitato ai webinar in diretta con i docenti.<\/p>\n<p>Quota di iscrizione: 98 euro<\/p>\n<p><strong>Iscriviti al Modulo 4 (13 ore, 24 video lezioni disponibili per 2 mesi, accesso illimitato ai webinar in diretta con i docenti):<\/strong><br \/>\n<strong>entro 24 ore avrai accesso al materiale didattico e alla prima lezione!<\/strong><\/p>\n<p>&nbsp;<\/p>\n<p>Dopo l\u2019iscrizione, puoi iniziare subito il corso: entro 24h riceverai una email con le credenziali per accedere al corso e partire con la prima lezione!<\/p>\n<p>Incluso con il Corso Base Astrologia Cinese, hai:<\/p>\n<p>1. l\u2019accesso al gruppo Facebook riservato; potrai cos\u00ec confrontarti con tutte le persone come te che hanno deciso di intraprendere questo viaggio alla scoperta del Destino personale!<\/p>\n<p>2. mentre segui le lezioni, e anche dopo aver completato un modulo o il corso intero, hai accesso illimitato ai webinar in diretta con i docenti.<\/p>\n<p>PREREQUISITI: il corso \u00e8 aperto a tutti<br \/>\nTIPOLOGIA: teorico pratico<br \/>\nMODALITA\u0300: video lezioni online<br \/>\nDURATA: il Corso \u00e8 diviso in 4 moduli, trovi qui sotto nella pagina le informazioni dettagliate \u2013 mentre frequenti i moduli e dopo aver completato il Corso, hai accesso illimitato ai webinar interattivi con i docenti<br \/>\nPERCORSO: SCHOLAR e COUNSELOR<\/p>\n","protected":false},"excerpt":{"rendered":"<p>Il Corso Base di Astrologia Cinese rappresenta il primo passo verso te stesso,<br \/>\nverso la consapevolezza delle tue dinamiche pi\u00f9 profonde.<br \/>\nMa c\u2019\u00e8 molto di pi\u00f9\u2026 il Ba Zi \u00e8 stato concepito dagli antichi maestri come uno strumento di evoluzione personale, per avere pi\u00f9 potere sulla tua vita e pi\u00f9 controllo sulle tue scelte. E questo aumenta la tua libert\u00e0 e il livello di realizzazione personale.<\/p>\n","protected":false},"featured_media":26365,"comment_status":"open","ping_status":"closed","template":"","meta":[],"product_brand":[],"product_cat":[517,520],"product_tag":[],"class_list":{"0":"post-26362","1":"product","2":"type-product","3":"status-publish","4":"has-post-thumbnail","6":"product_cat-corsi","7":"product_cat-corsi-base","9":"first","10":"instock","11":"downloadable","12":"virtual","13":"taxable","14":"purchasable","15":"product-type-simple"},"yoast_head":"<!-- This site is optimized with the Yoast SEO plugin v27.4 - https:\/\/yoast.com\/product\/yoast-seo-wordpress\/ -->\n<title>Corso Base di Astrologia Cinese (Ba Zi) - Modulo 4 - Kan Yu Feng Shui Academy | Feng Shui, Ba Zi, Yi Jing<\/title>\n<meta name=\"robots\" content=\"index, follow, max-snippet:-1, max-image-preview:large, max-video-preview:-1\" \/>\n<link rel=\"canonical\" href=\"https:\/\/kanyufengshuiacademy.com\/en\/product\/corso-base-di-astrologia-cinese-ba-zi-modulo-4\/\" \/>\n<meta property=\"og:locale\" content=\"en_US\" \/>\n<meta property=\"og:type\" content=\"article\" \/>\n<meta property=\"og:title\" content=\"Corso Base di Astrologia Cinese (Ba Zi) - Modulo 4 - Kan Yu Feng Shui Academy | Feng Shui, Ba Zi, Yi Jing\" \/>\n<meta property=\"og:description\" content=\"Il Corso Base di Astrologia Cinese rappresenta il primo passo verso te stesso, verso la consapevolezza delle tue dinamiche pi\u00f9 profonde. Ma c\u2019\u00e8 molto di pi\u00f9\u2026 il Ba Zi \u00e8 stato concepito dagli antichi maestri come uno strumento di evoluzione personale, per avere pi\u00f9 potere sulla tua vita e pi\u00f9 controllo sulle tue scelte. E questo aumenta la tua libert\u00e0 e il livello di realizzazione personale.\" \/>\n<meta property=\"og:url\" content=\"https:\/\/kanyufengshuiacademy.com\/en\/product\/corso-base-di-astrologia-cinese-ba-zi-modulo-4\/\" \/>\n<meta property=\"og:site_name\" content=\"Kan Yu Feng Shui Academy | Feng Shui, Ba Zi, Yi Jing\" \/>\n<meta property=\"article:publisher\" content=\"https:\/\/www.facebook.com\/KANYUFENGSHUIACADEMY\/\" \/>\n<meta property=\"article:modified_time\" content=\"2026-04-29T10:06:43+00:00\" \/>\n<meta property=\"og:image\" content=\"https:\/\/kanyufengshuiacademy.com\/wp-content\/uploads\/2026\/04\/5-corso-base-astrologia-cinese-ba-zi-modulo-4.webp\" \/>\n\t<meta property=\"og:image:width\" content=\"1000\" \/>\n\t<meta property=\"og:image:height\" content=\"1000\" \/>\n\t<meta property=\"og:image:type\" content=\"image\/webp\" \/>\n<meta name=\"twitter:card\" content=\"summary_large_image\" \/>\n<meta name=\"twitter:label1\" content=\"Est. reading time\" \/>\n\t<meta name=\"twitter:data1\" content=\"2 minutes\" \/>\n<script type=\"application\/ld+json\" class=\"yoast-schema-graph\">{\"@context\":\"https:\\\/\\\/schema.org\",\"@graph\":[{\"@type\":\"WebPage\",\"@id\":\"https:\\\/\\\/kanyufengshuiacademy.com\\\/en\\\/product\\\/corso-base-di-astrologia-cinese-ba-zi-modulo-4\\\/\",\"url\":\"https:\\\/\\\/kanyufengshuiacademy.com\\\/en\\\/product\\\/corso-base-di-astrologia-cinese-ba-zi-modulo-4\\\/\",\"name\":\"Corso Base di Astrologia Cinese (Ba Zi) - Modulo 4 - Kan Yu Feng Shui Academy | Feng Shui, Ba Zi, Yi Jing\",\"isPartOf\":{\"@id\":\"https:\\\/\\\/kanyufengshuiacademy.com\\\/en\\\/#website\"},\"primaryImageOfPage\":{\"@id\":\"https:\\\/\\\/kanyufengshuiacademy.com\\\/en\\\/product\\\/corso-base-di-astrologia-cinese-ba-zi-modulo-4\\\/#primaryimage\"},\"image\":{\"@id\":\"https:\\\/\\\/kanyufengshuiacademy.com\\\/en\\\/product\\\/corso-base-di-astrologia-cinese-ba-zi-modulo-4\\\/#primaryimage\"},\"thumbnailUrl\":\"https:\\\/\\\/kanyufengshuiacademy.com\\\/wp-content\\\/uploads\\\/2026\\\/04\\\/5-corso-base-astrologia-cinese-ba-zi-modulo-4.webp\",\"datePublished\":\"2026-04-24T16:06:30+00:00\",\"dateModified\":\"2026-04-29T10:06:43+00:00\",\"breadcrumb\":{\"@id\":\"https:\\\/\\\/kanyufengshuiacademy.com\\\/en\\\/product\\\/corso-base-di-astrologia-cinese-ba-zi-modulo-4\\\/#breadcrumb\"},\"inLanguage\":\"en-US\",\"potentialAction\":[{\"@type\":\"ReadAction\",\"target\":[\"https:\\\/\\\/kanyufengshuiacademy.com\\\/en\\\/product\\\/corso-base-di-astrologia-cinese-ba-zi-modulo-4\\\/\"]}]},{\"@type\":\"ImageObject\",\"inLanguage\":\"en-US\",\"@id\":\"https:\\\/\\\/kanyufengshuiacademy.com\\\/en\\\/product\\\/corso-base-di-astrologia-cinese-ba-zi-modulo-4\\\/#primaryimage\",\"url\":\"https:\\\/\\\/kanyufengshuiacademy.com\\\/wp-content\\\/uploads\\\/2026\\\/04\\\/5-corso-base-astrologia-cinese-ba-zi-modulo-4.webp\",\"contentUrl\":\"https:\\\/\\\/kanyufengshuiacademy.com\\\/wp-content\\\/uploads\\\/2026\\\/04\\\/5-corso-base-astrologia-cinese-ba-zi-modulo-4.webp\",\"width\":1000,\"height\":1000},{\"@type\":\"BreadcrumbList\",\"@id\":\"https:\\\/\\\/kanyufengshuiacademy.com\\\/en\\\/product\\\/corso-base-di-astrologia-cinese-ba-zi-modulo-4\\\/#breadcrumb\",\"itemListElement\":[{\"@type\":\"ListItem\",\"position\":1,\"name\":\"Home\",\"item\":\"https:\\\/\\\/kanyufengshuiacademy.com\\\/en\\\/?lang=en\"},{\"@type\":\"ListItem\",\"position\":2,\"name\":\"Prova negozio\",\"item\":\"https:\\\/\\\/kanyufengshuiacademy.com\\\/?page_id=26282\"},{\"@type\":\"ListItem\",\"position\":3,\"name\":\"Corso Base di Astrologia Cinese (Ba Zi) &#8211; Modulo 4\"}]},{\"@type\":\"WebSite\",\"@id\":\"https:\\\/\\\/kanyufengshuiacademy.com\\\/en\\\/#website\",\"url\":\"https:\\\/\\\/kanyufengshuiacademy.com\\\/en\\\/\",\"name\":\"Kan Yu Feng Shui Academy | Feng Shui, Ba Zi, Yi Jing\",\"description\":\"KYFSA iKan Yu Feng Shui Academy \u00e8 una scuola internazionale e un centro di ricerca sulle discipline tradizionali cinesi: Feng Shui, Ba Zi, Yi Jing\",\"publisher\":{\"@id\":\"https:\\\/\\\/kanyufengshuiacademy.com\\\/en\\\/#organization\"},\"alternateName\":\"KYFSA\",\"potentialAction\":[{\"@type\":\"SearchAction\",\"target\":{\"@type\":\"EntryPoint\",\"urlTemplate\":\"https:\\\/\\\/kanyufengshuiacademy.com\\\/en\\\/?s={search_term_string}\"},\"query-input\":{\"@type\":\"PropertyValueSpecification\",\"valueRequired\":true,\"valueName\":\"search_term_string\"}}],\"inLanguage\":\"en-US\"},{\"@type\":\"Organization\",\"@id\":\"https:\\\/\\\/kanyufengshuiacademy.com\\\/en\\\/#organization\",\"name\":\"Kan Yu Feng Shui Academy | Feng Shui & Ba Zi - International School and Research Center\",\"alternateName\":\"KYFSA\",\"url\":\"https:\\\/\\\/kanyufengshuiacademy.com\\\/en\\\/\",\"logo\":{\"@type\":\"ImageObject\",\"inLanguage\":\"en-US\",\"@id\":\"https:\\\/\\\/kanyufengshuiacademy.com\\\/en\\\/#\\\/schema\\\/logo\\\/image\\\/\",\"url\":\"https:\\\/\\\/kanyufengshuiacademy.com\\\/wp-content\\\/uploads\\\/2021\\\/11\\\/logo_kyfsa.png\",\"contentUrl\":\"https:\\\/\\\/kanyufengshuiacademy.com\\\/wp-content\\\/uploads\\\/2021\\\/11\\\/logo_kyfsa.png\",\"width\":518,\"height\":242,\"caption\":\"Kan Yu Feng Shui Academy | Feng Shui & Ba Zi - International School and Research Center\"},\"image\":{\"@id\":\"https:\\\/\\\/kanyufengshuiacademy.com\\\/en\\\/#\\\/schema\\\/logo\\\/image\\\/\"},\"sameAs\":[\"https:\\\/\\\/www.facebook.com\\\/KANYUFENGSHUIACADEMY\\\/\",\"https:\\\/\\\/www.instagram.com\\\/kanyufengshuiacademy\\\/\",\"https:\\\/\\\/www.youtube.com\\\/c\\\/CreativeFengShui\"]}]}<\/script>\n<!-- \/ Yoast SEO plugin. -->","yoast_head_json":{"title":"Corso Base di Astrologia Cinese (Ba Zi) - Modulo 4 - Kan Yu Feng Shui Academy | Feng Shui, Ba Zi, Yi Jing","robots":{"index":"index","follow":"follow","max-snippet":"max-snippet:-1","max-image-preview":"max-image-preview:large","max-video-preview":"max-video-preview:-1"},"canonical":"https:\/\/kanyufengshuiacademy.com\/en\/product\/corso-base-di-astrologia-cinese-ba-zi-modulo-4\/","og_locale":"en_US","og_type":"article","og_title":"Corso Base di Astrologia Cinese (Ba Zi) - Modulo 4 - Kan Yu Feng Shui Academy | Feng Shui, Ba Zi, Yi Jing","og_description":"Il Corso Base di Astrologia Cinese rappresenta il primo passo verso te stesso, verso la consapevolezza delle tue dinamiche pi\u00f9 profonde. Ma c\u2019\u00e8 molto di pi\u00f9\u2026 il Ba Zi \u00e8 stato concepito dagli antichi maestri come uno strumento di evoluzione personale, per avere pi\u00f9 potere sulla tua vita e pi\u00f9 controllo sulle tue scelte. E questo aumenta la tua libert\u00e0 e il livello di realizzazione personale.","og_url":"https:\/\/kanyufengshuiacademy.com\/en\/product\/corso-base-di-astrologia-cinese-ba-zi-modulo-4\/","og_site_name":"Kan Yu Feng Shui Academy | Feng Shui, Ba Zi, Yi Jing","article_publisher":"https:\/\/www.facebook.com\/KANYUFENGSHUIACADEMY\/","article_modified_time":"2026-04-29T10:06:43+00:00","og_image":[{"width":1000,"height":1000,"url":"https:\/\/kanyufengshuiacademy.com\/wp-content\/uploads\/2026\/04\/5-corso-base-astrologia-cinese-ba-zi-modulo-4.webp","type":"image\/webp"}],"twitter_card":"summary_large_image","twitter_misc":{"Est. reading time":"2 minutes"},"schema":{"@context":"https:\/\/schema.org","@graph":[{"@type":"WebPage","@id":"https:\/\/kanyufengshuiacademy.com\/en\/product\/corso-base-di-astrologia-cinese-ba-zi-modulo-4\/","url":"https:\/\/kanyufengshuiacademy.com\/en\/product\/corso-base-di-astrologia-cinese-ba-zi-modulo-4\/","name":"Corso Base di Astrologia Cinese (Ba Zi) - Modulo 4 - Kan Yu Feng Shui Academy | Feng Shui, Ba Zi, Yi Jing","isPartOf":{"@id":"https:\/\/kanyufengshuiacademy.com\/en\/#website"},"primaryImageOfPage":{"@id":"https:\/\/kanyufengshuiacademy.com\/en\/product\/corso-base-di-astrologia-cinese-ba-zi-modulo-4\/#primaryimage"},"image":{"@id":"https:\/\/kanyufengshuiacademy.com\/en\/product\/corso-base-di-astrologia-cinese-ba-zi-modulo-4\/#primaryimage"},"thumbnailUrl":"https:\/\/kanyufengshuiacademy.com\/wp-content\/uploads\/2026\/04\/5-corso-base-astrologia-cinese-ba-zi-modulo-4.webp","datePublished":"2026-04-24T16:06:30+00:00","dateModified":"2026-04-29T10:06:43+00:00","breadcrumb":{"@id":"https:\/\/kanyufengshuiacademy.com\/en\/product\/corso-base-di-astrologia-cinese-ba-zi-modulo-4\/#breadcrumb"},"inLanguage":"en-US","potentialAction":[{"@type":"ReadAction","target":["https:\/\/kanyufengshuiacademy.com\/en\/product\/corso-base-di-astrologia-cinese-ba-zi-modulo-4\/"]}]},{"@type":"ImageObject","inLanguage":"en-US","@id":"https:\/\/kanyufengshuiacademy.com\/en\/product\/corso-base-di-astrologia-cinese-ba-zi-modulo-4\/#primaryimage","url":"https:\/\/kanyufengshuiacademy.com\/wp-content\/uploads\/2026\/04\/5-corso-base-astrologia-cinese-ba-zi-modulo-4.webp","contentUrl":"https:\/\/kanyufengshuiacademy.com\/wp-content\/uploads\/2026\/04\/5-corso-base-astrologia-cinese-ba-zi-modulo-4.webp","width":1000,"height":1000},{"@type":"BreadcrumbList","@id":"https:\/\/kanyufengshuiacademy.com\/en\/product\/corso-base-di-astrologia-cinese-ba-zi-modulo-4\/#breadcrumb","itemListElement":[{"@type":"ListItem","position":1,"name":"Home","item":"https:\/\/kanyufengshuiacademy.com\/en\/?lang=en"},{"@type":"ListItem","position":2,"name":"Prova negozio","item":"https:\/\/kanyufengshuiacademy.com\/?page_id=26282"},{"@type":"ListItem","position":3,"name":"Corso Base di Astrologia Cinese (Ba Zi) &#8211; Modulo 4"}]},{"@type":"WebSite","@id":"https:\/\/kanyufengshuiacademy.com\/en\/#website","url":"https:\/\/kanyufengshuiacademy.com\/en\/","name":"Kan Yu Feng Shui Academy | Feng Shui, Ba Zi, Yi Jing","description":"KYFSA iKan Yu Feng Shui Academy \u00e8 una scuola internazionale e un centro di ricerca sulle discipline tradizionali cinesi: Feng Shui, Ba Zi, Yi Jing","publisher":{"@id":"https:\/\/kanyufengshuiacademy.com\/en\/#organization"},"alternateName":"KYFSA","potentialAction":[{"@type":"SearchAction","target":{"@type":"EntryPoint","urlTemplate":"https:\/\/kanyufengshuiacademy.com\/en\/?s={search_term_string}"},"query-input":{"@type":"PropertyValueSpecification","valueRequired":true,"valueName":"search_term_string"}}],"inLanguage":"en-US"},{"@type":"Organization","@id":"https:\/\/kanyufengshuiacademy.com\/en\/#organization","name":"Kan Yu Feng Shui Academy | Feng Shui & Ba Zi - International School and Research Center","alternateName":"KYFSA","url":"https:\/\/kanyufengshuiacademy.com\/en\/","logo":{"@type":"ImageObject","inLanguage":"en-US","@id":"https:\/\/kanyufengshuiacademy.com\/en\/#\/schema\/logo\/image\/","url":"https:\/\/kanyufengshuiacademy.com\/wp-content\/uploads\/2021\/11\/logo_kyfsa.png","contentUrl":"https:\/\/kanyufengshuiacademy.com\/wp-content\/uploads\/2021\/11\/logo_kyfsa.png","width":518,"height":242,"caption":"Kan Yu Feng Shui Academy | Feng Shui & Ba Zi - International School and Research Center"},"image":{"@id":"https:\/\/kanyufengshuiacademy.com\/en\/#\/schema\/logo\/image\/"},"sameAs":["https:\/\/www.facebook.com\/KANYUFENGSHUIACADEMY\/","https:\/\/www.instagram.com\/kanyufengshuiacademy\/","https:\/\/www.youtube.com\/c\/CreativeFengShui"]}]}},"_links":{"self":[{"href":"https:\/\/kanyufengshuiacademy.com\/en\/wp-json\/wp\/v2\/product\/26362","targetHints":{"allow":["GET"]}}],"collection":[{"href":"https:\/\/kanyufengshuiacademy.com\/en\/wp-json\/wp\/v2\/product"}],"about":[{"href":"https:\/\/kanyufengshuiacademy.com\/en\/wp-json\/wp\/v2\/types\/product"}],"replies":[{"embeddable":true,"href":"https:\/\/kanyufengshuiacademy.com\/en\/wp-json\/wp\/v2\/comments?post=26362"}],"wp:featuredmedia":[{"embeddable":true,"href":"https:\/\/kanyufengshuiacademy.com\/en\/wp-json\/wp\/v2\/media\/26365"}],"wp:attachment":[{"href":"https:\/\/kanyufengshuiacademy.com\/en\/wp-json\/wp\/v2\/media?parent=26362"}],"wp:term":[{"taxonomy":"product_brand","embeddable":true,"href":"https:\/\/kanyufengshuiacademy.com\/en\/wp-json\/wp\/v2\/product_brand?post=26362"},{"taxonomy":"product_cat","embeddable":true,"href":"https:\/\/kanyufengshuiacademy.com\/en\/wp-json\/wp\/v2\/product_cat?post=26362"},{"taxonomy":"product_tag","embeddable":true,"href":"https:\/\/kanyufengshuiacademy.com\/en\/wp-json\/wp\/v2\/product_tag?post=26362"}],"curies":[{"name":"wp","href":"https:\/\/api.w.org\/{rel}","templated":true}]}}