{"id":26334,"date":"2026-04-22T17:08:37","date_gmt":"2026-04-22T15:08:37","guid":{"rendered":"https:\/\/kanyufengshuiacademy.com\/?post_type=product&#038;p=26334"},"modified":"2026-04-29T12:01:33","modified_gmt":"2026-04-29T10:01:33","slug":"feng-shui-case-studies-appartamento-in-citta","status":"publish","type":"product","link":"https:\/\/kanyufengshuiacademy.com\/en\/product\/feng-shui-case-studies-appartamento-in-citta\/","title":{"rendered":"Corso Appartamento in citt\u00e0 &#8211; Feng Shui Case Studies"},"content":{"rendered":"<div class=\"wpb_text_column wpb_content_element\">\n<div class=\"wpb_wrapper\">\n<h3 class=\"mkdf-pt-title\">Giovane coppia di sposi che vogliono ampliare la famiglia<\/h3>\n<h5>Appartamento in citt\u00e0 (Alghero)<br \/>\n11 ore \u2013 ABITATIVO<\/h5>\n<p>L\u2019appartamento \u00e8 una delle tipologie abitative pi\u00f9 diffuse. Come si applica il Feng Shui in un appartamento in citt\u00e0? Quali tecniche e metodi sono pi\u00f9 adatti?<\/p>\n<p>In questo caso studio analizziamo un appartamento di circa 100mq al piano terra con cortile privato, occupato da una giovane coppia in cerca di figli, in un momento di sviluppo lavorativo.<\/p>\n<\/div>\n<\/div>\n<p>&nbsp;<\/p>\n<h3>A chi \u00e8 rivolto il corso?<\/h3>\n<p>I corsi\u00a0<strong>Feng Shui Case Studies<\/strong>\u00a0sono\u00a0<strong>riservati<\/strong>\u00a0agli studenti della nostra Scuola che hanno\u00a0<strong>completato il Corso Feng Shui Pratica 1.<\/strong>\u00a0Se hai qualche dubbio, contattaci prima dell\u2019iscrizione!<\/p>\n<p>Dopo aver completato il Corso Feng Shui Pratica 1, puoi seguire questi corsi in qualunque momento del tuo percorso formativo, anche se sei gi\u00e0 un consulente livello Consultant Professional. Per iscriverti, \u00e8 sufficiente scegliere il corso che preferisci e procedere all\u2019acquisto.<\/p>\n<p>Acquistando\u00a0<strong>due casi pratici<\/strong>\u00a0insieme, hai diritto a uno sconto del 10%.<br \/>\nAcquistando\u00a0<strong>tre casi pratici<\/strong>\u00a0insieme, hai diritto a uno sconto del 15%.<br \/>\nAcquistando\u00a0<strong>quattro o pi\u00f9 casi pratici insieme,<\/strong>\u00a0hai diritto a uno sconto del 20%.<br \/>\nContattaci per maggiori informazioni!<\/p>\n","protected":false},"excerpt":{"rendered":"<p class=\"mkdf-pt-title\"><strong>Giovane coppia di sposi che vogliono ampliare la famiglia<\/strong><\/p>\n<p>L\u2019appartamento \u00e8 una delle tipologie abitative pi\u00f9 diffuse. Come si applica il Feng Shui in un appartamento in citt\u00e0? Quali tecniche e metodi sono pi\u00f9 adatti?<\/p>\n","protected":false},"featured_media":26336,"comment_status":"open","ping_status":"closed","template":"","meta":[],"product_brand":[],"product_cat":[517,518],"product_tag":[],"class_list":{"0":"post-26334","1":"product","2":"type-product","3":"status-publish","4":"has-post-thumbnail","6":"product_cat-corsi","7":"product_cat-corsi-avanzati","9":"first","10":"instock","11":"downloadable","12":"virtual","13":"taxable","14":"purchasable","15":"product-type-simple"},"yoast_head":"<!-- This site is optimized with the Yoast SEO plugin v27.4 - https:\/\/yoast.com\/product\/yoast-seo-wordpress\/ -->\n<title>Corso Appartamento in citt\u00e0 - Feng Shui Case Studies - Kan Yu Feng Shui Academy | Feng Shui, Ba Zi, Yi Jing<\/title>\n<meta name=\"robots\" content=\"index, follow, max-snippet:-1, max-image-preview:large, max-video-preview:-1\" \/>\n<link rel=\"canonical\" href=\"https:\/\/kanyufengshuiacademy.com\/en\/product\/feng-shui-case-studies-appartamento-in-citta\/\" \/>\n<meta property=\"og:locale\" content=\"en_US\" \/>\n<meta property=\"og:type\" content=\"article\" \/>\n<meta property=\"og:title\" content=\"Corso Appartamento in citt\u00e0 - Feng Shui Case Studies - Kan Yu Feng Shui Academy | Feng Shui, Ba Zi, Yi Jing\" \/>\n<meta property=\"og:description\" content=\"Giovane coppia di sposi che vogliono ampliare la famiglia L\u2019appartamento \u00e8 una delle tipologie abitative pi\u00f9 diffuse. Come si applica il Feng Shui in un appartamento in citt\u00e0? Quali tecniche e metodi sono pi\u00f9 adatti?\" \/>\n<meta property=\"og:url\" content=\"https:\/\/kanyufengshuiacademy.com\/en\/product\/feng-shui-case-studies-appartamento-in-citta\/\" \/>\n<meta property=\"og:site_name\" content=\"Kan Yu Feng Shui Academy | Feng Shui, Ba Zi, Yi Jing\" \/>\n<meta property=\"article:publisher\" content=\"https:\/\/www.facebook.com\/KANYUFENGSHUIACADEMY\/\" \/>\n<meta property=\"article:modified_time\" content=\"2026-04-29T10:01:33+00:00\" \/>\n<meta property=\"og:image\" content=\"https:\/\/kanyufengshuiacademy.com\/wp-content\/uploads\/2026\/04\/5-feng-shui-case-studies-appartamento-citta.webp\" \/>\n\t<meta property=\"og:image:width\" content=\"1000\" \/>\n\t<meta property=\"og:image:height\" content=\"1000\" \/>\n\t<meta property=\"og:image:type\" content=\"image\/webp\" \/>\n<meta name=\"twitter:card\" content=\"summary_large_image\" \/>\n<meta name=\"twitter:label1\" content=\"Est. reading time\" \/>\n\t<meta name=\"twitter:data1\" content=\"1 minute\" \/>\n<script type=\"application\/ld+json\" class=\"yoast-schema-graph\">{\"@context\":\"https:\\\/\\\/schema.org\",\"@graph\":[{\"@type\":\"WebPage\",\"@id\":\"https:\\\/\\\/kanyufengshuiacademy.com\\\/en\\\/product\\\/feng-shui-case-studies-appartamento-in-citta\\\/\",\"url\":\"https:\\\/\\\/kanyufengshuiacademy.com\\\/en\\\/product\\\/feng-shui-case-studies-appartamento-in-citta\\\/\",\"name\":\"Corso Appartamento in citt\u00e0 - Feng Shui Case Studies - Kan Yu Feng Shui Academy | Feng Shui, Ba Zi, Yi Jing\",\"isPartOf\":{\"@id\":\"https:\\\/\\\/kanyufengshuiacademy.com\\\/en\\\/#website\"},\"primaryImageOfPage\":{\"@id\":\"https:\\\/\\\/kanyufengshuiacademy.com\\\/en\\\/product\\\/feng-shui-case-studies-appartamento-in-citta\\\/#primaryimage\"},\"image\":{\"@id\":\"https:\\\/\\\/kanyufengshuiacademy.com\\\/en\\\/product\\\/feng-shui-case-studies-appartamento-in-citta\\\/#primaryimage\"},\"thumbnailUrl\":\"https:\\\/\\\/kanyufengshuiacademy.com\\\/wp-content\\\/uploads\\\/2026\\\/04\\\/5-feng-shui-case-studies-appartamento-citta.webp\",\"datePublished\":\"2026-04-22T15:08:37+00:00\",\"dateModified\":\"2026-04-29T10:01:33+00:00\",\"breadcrumb\":{\"@id\":\"https:\\\/\\\/kanyufengshuiacademy.com\\\/en\\\/product\\\/feng-shui-case-studies-appartamento-in-citta\\\/#breadcrumb\"},\"inLanguage\":\"en-US\",\"potentialAction\":[{\"@type\":\"ReadAction\",\"target\":[\"https:\\\/\\\/kanyufengshuiacademy.com\\\/en\\\/product\\\/feng-shui-case-studies-appartamento-in-citta\\\/\"]}]},{\"@type\":\"ImageObject\",\"inLanguage\":\"en-US\",\"@id\":\"https:\\\/\\\/kanyufengshuiacademy.com\\\/en\\\/product\\\/feng-shui-case-studies-appartamento-in-citta\\\/#primaryimage\",\"url\":\"https:\\\/\\\/kanyufengshuiacademy.com\\\/wp-content\\\/uploads\\\/2026\\\/04\\\/5-feng-shui-case-studies-appartamento-citta.webp\",\"contentUrl\":\"https:\\\/\\\/kanyufengshuiacademy.com\\\/wp-content\\\/uploads\\\/2026\\\/04\\\/5-feng-shui-case-studies-appartamento-citta.webp\",\"width\":1000,\"height\":1000},{\"@type\":\"BreadcrumbList\",\"@id\":\"https:\\\/\\\/kanyufengshuiacademy.com\\\/en\\\/product\\\/feng-shui-case-studies-appartamento-in-citta\\\/#breadcrumb\",\"itemListElement\":[{\"@type\":\"ListItem\",\"position\":1,\"name\":\"Home\",\"item\":\"https:\\\/\\\/kanyufengshuiacademy.com\\\/en\\\/?lang=en\"},{\"@type\":\"ListItem\",\"position\":2,\"name\":\"Prova negozio\",\"item\":\"https:\\\/\\\/kanyufengshuiacademy.com\\\/?page_id=26282\"},{\"@type\":\"ListItem\",\"position\":3,\"name\":\"Corso Appartamento in citt\u00e0 &#8211; Feng Shui Case Studies\"}]},{\"@type\":\"WebSite\",\"@id\":\"https:\\\/\\\/kanyufengshuiacademy.com\\\/en\\\/#website\",\"url\":\"https:\\\/\\\/kanyufengshuiacademy.com\\\/en\\\/\",\"name\":\"Kan Yu Feng Shui Academy | Feng Shui, Ba Zi, Yi Jing\",\"description\":\"KYFSA iKan Yu Feng Shui Academy \u00e8 una scuola internazionale e un centro di ricerca sulle discipline tradizionali cinesi: Feng Shui, Ba Zi, Yi Jing\",\"publisher\":{\"@id\":\"https:\\\/\\\/kanyufengshuiacademy.com\\\/en\\\/#organization\"},\"alternateName\":\"KYFSA\",\"potentialAction\":[{\"@type\":\"SearchAction\",\"target\":{\"@type\":\"EntryPoint\",\"urlTemplate\":\"https:\\\/\\\/kanyufengshuiacademy.com\\\/en\\\/?s={search_term_string}\"},\"query-input\":{\"@type\":\"PropertyValueSpecification\",\"valueRequired\":true,\"valueName\":\"search_term_string\"}}],\"inLanguage\":\"en-US\"},{\"@type\":\"Organization\",\"@id\":\"https:\\\/\\\/kanyufengshuiacademy.com\\\/en\\\/#organization\",\"name\":\"Kan Yu Feng Shui Academy | Feng Shui & Ba Zi - International School and Research Center\",\"alternateName\":\"KYFSA\",\"url\":\"https:\\\/\\\/kanyufengshuiacademy.com\\\/en\\\/\",\"logo\":{\"@type\":\"ImageObject\",\"inLanguage\":\"en-US\",\"@id\":\"https:\\\/\\\/kanyufengshuiacademy.com\\\/en\\\/#\\\/schema\\\/logo\\\/image\\\/\",\"url\":\"https:\\\/\\\/kanyufengshuiacademy.com\\\/wp-content\\\/uploads\\\/2021\\\/11\\\/logo_kyfsa.png\",\"contentUrl\":\"https:\\\/\\\/kanyufengshuiacademy.com\\\/wp-content\\\/uploads\\\/2021\\\/11\\\/logo_kyfsa.png\",\"width\":518,\"height\":242,\"caption\":\"Kan Yu Feng Shui Academy | Feng Shui & Ba Zi - International School and Research Center\"},\"image\":{\"@id\":\"https:\\\/\\\/kanyufengshuiacademy.com\\\/en\\\/#\\\/schema\\\/logo\\\/image\\\/\"},\"sameAs\":[\"https:\\\/\\\/www.facebook.com\\\/KANYUFENGSHUIACADEMY\\\/\",\"https:\\\/\\\/www.instagram.com\\\/kanyufengshuiacademy\\\/\",\"https:\\\/\\\/www.youtube.com\\\/c\\\/CreativeFengShui\"]}]}<\/script>\n<!-- \/ Yoast SEO plugin. -->","yoast_head_json":{"title":"Corso Appartamento in citt\u00e0 - Feng Shui Case Studies - Kan Yu Feng Shui Academy | Feng Shui, Ba Zi, Yi Jing","robots":{"index":"index","follow":"follow","max-snippet":"max-snippet:-1","max-image-preview":"max-image-preview:large","max-video-preview":"max-video-preview:-1"},"canonical":"https:\/\/kanyufengshuiacademy.com\/en\/product\/feng-shui-case-studies-appartamento-in-citta\/","og_locale":"en_US","og_type":"article","og_title":"Corso Appartamento in citt\u00e0 - Feng Shui Case Studies - Kan Yu Feng Shui Academy | Feng Shui, Ba Zi, Yi Jing","og_description":"Giovane coppia di sposi che vogliono ampliare la famiglia L\u2019appartamento \u00e8 una delle tipologie abitative pi\u00f9 diffuse. Come si applica il Feng Shui in un appartamento in citt\u00e0? Quali tecniche e metodi sono pi\u00f9 adatti?","og_url":"https:\/\/kanyufengshuiacademy.com\/en\/product\/feng-shui-case-studies-appartamento-in-citta\/","og_site_name":"Kan Yu Feng Shui Academy | Feng Shui, Ba Zi, Yi Jing","article_publisher":"https:\/\/www.facebook.com\/KANYUFENGSHUIACADEMY\/","article_modified_time":"2026-04-29T10:01:33+00:00","og_image":[{"width":1000,"height":1000,"url":"https:\/\/kanyufengshuiacademy.com\/wp-content\/uploads\/2026\/04\/5-feng-shui-case-studies-appartamento-citta.webp","type":"image\/webp"}],"twitter_card":"summary_large_image","twitter_misc":{"Est. reading time":"1 minute"},"schema":{"@context":"https:\/\/schema.org","@graph":[{"@type":"WebPage","@id":"https:\/\/kanyufengshuiacademy.com\/en\/product\/feng-shui-case-studies-appartamento-in-citta\/","url":"https:\/\/kanyufengshuiacademy.com\/en\/product\/feng-shui-case-studies-appartamento-in-citta\/","name":"Corso Appartamento in citt\u00e0 - Feng Shui Case Studies - Kan Yu Feng Shui Academy | Feng Shui, Ba Zi, Yi Jing","isPartOf":{"@id":"https:\/\/kanyufengshuiacademy.com\/en\/#website"},"primaryImageOfPage":{"@id":"https:\/\/kanyufengshuiacademy.com\/en\/product\/feng-shui-case-studies-appartamento-in-citta\/#primaryimage"},"image":{"@id":"https:\/\/kanyufengshuiacademy.com\/en\/product\/feng-shui-case-studies-appartamento-in-citta\/#primaryimage"},"thumbnailUrl":"https:\/\/kanyufengshuiacademy.com\/wp-content\/uploads\/2026\/04\/5-feng-shui-case-studies-appartamento-citta.webp","datePublished":"2026-04-22T15:08:37+00:00","dateModified":"2026-04-29T10:01:33+00:00","breadcrumb":{"@id":"https:\/\/kanyufengshuiacademy.com\/en\/product\/feng-shui-case-studies-appartamento-in-citta\/#breadcrumb"},"inLanguage":"en-US","potentialAction":[{"@type":"ReadAction","target":["https:\/\/kanyufengshuiacademy.com\/en\/product\/feng-shui-case-studies-appartamento-in-citta\/"]}]},{"@type":"ImageObject","inLanguage":"en-US","@id":"https:\/\/kanyufengshuiacademy.com\/en\/product\/feng-shui-case-studies-appartamento-in-citta\/#primaryimage","url":"https:\/\/kanyufengshuiacademy.com\/wp-content\/uploads\/2026\/04\/5-feng-shui-case-studies-appartamento-citta.webp","contentUrl":"https:\/\/kanyufengshuiacademy.com\/wp-content\/uploads\/2026\/04\/5-feng-shui-case-studies-appartamento-citta.webp","width":1000,"height":1000},{"@type":"BreadcrumbList","@id":"https:\/\/kanyufengshuiacademy.com\/en\/product\/feng-shui-case-studies-appartamento-in-citta\/#breadcrumb","itemListElement":[{"@type":"ListItem","position":1,"name":"Home","item":"https:\/\/kanyufengshuiacademy.com\/en\/?lang=en"},{"@type":"ListItem","position":2,"name":"Prova negozio","item":"https:\/\/kanyufengshuiacademy.com\/?page_id=26282"},{"@type":"ListItem","position":3,"name":"Corso Appartamento in citt\u00e0 &#8211; Feng Shui Case Studies"}]},{"@type":"WebSite","@id":"https:\/\/kanyufengshuiacademy.com\/en\/#website","url":"https:\/\/kanyufengshuiacademy.com\/en\/","name":"Kan Yu Feng Shui Academy | Feng Shui, Ba Zi, Yi Jing","description":"KYFSA iKan Yu Feng Shui Academy \u00e8 una scuola internazionale e un centro di ricerca sulle discipline tradizionali cinesi: Feng Shui, Ba Zi, Yi Jing","publisher":{"@id":"https:\/\/kanyufengshuiacademy.com\/en\/#organization"},"alternateName":"KYFSA","potentialAction":[{"@type":"SearchAction","target":{"@type":"EntryPoint","urlTemplate":"https:\/\/kanyufengshuiacademy.com\/en\/?s={search_term_string}"},"query-input":{"@type":"PropertyValueSpecification","valueRequired":true,"valueName":"search_term_string"}}],"inLanguage":"en-US"},{"@type":"Organization","@id":"https:\/\/kanyufengshuiacademy.com\/en\/#organization","name":"Kan Yu Feng Shui Academy | Feng Shui & Ba Zi - International School and Research Center","alternateName":"KYFSA","url":"https:\/\/kanyufengshuiacademy.com\/en\/","logo":{"@type":"ImageObject","inLanguage":"en-US","@id":"https:\/\/kanyufengshuiacademy.com\/en\/#\/schema\/logo\/image\/","url":"https:\/\/kanyufengshuiacademy.com\/wp-content\/uploads\/2021\/11\/logo_kyfsa.png","contentUrl":"https:\/\/kanyufengshuiacademy.com\/wp-content\/uploads\/2021\/11\/logo_kyfsa.png","width":518,"height":242,"caption":"Kan Yu Feng Shui Academy | Feng Shui & Ba Zi - International School and Research Center"},"image":{"@id":"https:\/\/kanyufengshuiacademy.com\/en\/#\/schema\/logo\/image\/"},"sameAs":["https:\/\/www.facebook.com\/KANYUFENGSHUIACADEMY\/","https:\/\/www.instagram.com\/kanyufengshuiacademy\/","https:\/\/www.youtube.com\/c\/CreativeFengShui"]}]}},"_links":{"self":[{"href":"https:\/\/kanyufengshuiacademy.com\/en\/wp-json\/wp\/v2\/product\/26334","targetHints":{"allow":["GET"]}}],"collection":[{"href":"https:\/\/kanyufengshuiacademy.com\/en\/wp-json\/wp\/v2\/product"}],"about":[{"href":"https:\/\/kanyufengshuiacademy.com\/en\/wp-json\/wp\/v2\/types\/product"}],"replies":[{"embeddable":true,"href":"https:\/\/kanyufengshuiacademy.com\/en\/wp-json\/wp\/v2\/comments?post=26334"}],"wp:featuredmedia":[{"embeddable":true,"href":"https:\/\/kanyufengshuiacademy.com\/en\/wp-json\/wp\/v2\/media\/26336"}],"wp:attachment":[{"href":"https:\/\/kanyufengshuiacademy.com\/en\/wp-json\/wp\/v2\/media?parent=26334"}],"wp:term":[{"taxonomy":"product_brand","embeddable":true,"href":"https:\/\/kanyufengshuiacademy.com\/en\/wp-json\/wp\/v2\/product_brand?post=26334"},{"taxonomy":"product_cat","embeddable":true,"href":"https:\/\/kanyufengshuiacademy.com\/en\/wp-json\/wp\/v2\/product_cat?post=26334"},{"taxonomy":"product_tag","embeddable":true,"href":"https:\/\/kanyufengshuiacademy.com\/en\/wp-json\/wp\/v2\/product_tag?post=26334"}],"curies":[{"name":"wp","href":"https:\/\/api.w.org\/{rel}","templated":true}]}}